{"id":546,"date":"2017-11-07T17:49:10","date_gmt":"2017-11-07T16:49:10","guid":{"rendered":"http:\/\/eparafia-lubien.pl\/?page_id=546"},"modified":"2025-11-03T07:40:12","modified_gmt":"2025-11-03T06:40:12","slug":"wypominki-20172018","status":"publish","type":"page","link":"http:\/\/eparafia-lubien.pl\/?page_id=546","title":{"rendered":"Wypominki"},"content":{"rendered":"\n\n\n<p>Wypominki roczne 2025&nbsp;<\/p>\n\n\n\n<p>Godz. 8.00&nbsp;<\/p>\n\n\n\n<p>Mi\u0142osierdziu Bo\u017cemu polecajmy zmar\u0142ych papie\u017cy, biskup\u00f3w, ksi\u0119\u017cy proboszcz\u00f3w naszej parafii, dobroczy\u0144c\u00f3w, poleg\u0142ych w obronie naszej Ojczyzny ks. Jana Zdulskiego, ks. Kazimierza Troczy\u0144skiego, ks. Tadeusza Goner\u0119, ks. Czes\u0142awa Muszkieta, ks. Janusza Gajd\u0119 El\u017cbiet\u0119, Mariann\u0119, Krystyn\u0119, Grzankowskich, Iren\u0119, Mariana Komoroskich, Mariann\u0119, J\u00f3zefa, J\u0119drzejewskich, Stanis\u0142awa, Janin\u0119, Kazimierza Kulawiak\u00f3w, Leokadi\u0119, Jana, Grzegorza Jachimowskich, Wies\u0142aw\u0119, Jerzego Famulskich, Ew\u0119 Filipczak,&nbsp;&nbsp;Bronis\u0142aw\u0119, W\u0142adys\u0142aw\u0119, Jana Osuch, Leona, Boles\u0142awa, Jerzego, Ew\u0119 Le\u015bniewskich, Leona, Marianne Kraso\u0144 z synami, Wac\u0142awa, Tadeusza O\u015bmia\u0142owskich, Bronis\u0142aw\u0119, J\u00f3zefa Kucharskich, Mieczys\u0142awa, Lucyn\u0119, Bogdana, Mieczys\u0142awa, Edwarda Szewc, Lucjana, Teodozj\u0119 Filoch\u00f3w, Romana Soba\u0144skiego, Helen\u0119, Lucjana, Zofi\u0119, Bernadett\u0119 Pabich, dziadk\u00f3w Kotyni\u00f3w i Pabich\u00f3w, Zenobi\u0119, Antoniego R\u0119beli\u0144skich, Zofi\u0119, Antonin\u0119, J\u00f3zefa Pe\u0142ka, Weronik\u0119, Jana Zieli\u0144skich, Helen\u0119 Kraso\u0144, Stanis\u0142awa, Eugeniusza Banaszczyk, Edwarda, Franciszk\u0119, Antoniego Kraso\u0144, J\u00f3zefa, Genowef\u0119 Blionka, Ew\u0119 Fajfer, Janin\u0119, Boles\u0142awa Gronowskich,&nbsp;&nbsp;Janin\u0119, Jacka Doromoniec, Weronik\u0119, Andrzeja Lenarczyk, Bronis\u0142awa, Konstantego Krawczyk,&nbsp;&nbsp;Jerzego, Ann\u0119, Jana W\u0142odarczyk, Alicj\u0119, J\u00f3zefa Dr\u00f3\u017cd\u017c,&nbsp;&nbsp;Mariann\u0119, Mariana Witaszewskich, zm. z rodz. Witaszewskich, O\u015bmia\u0142owskich, S\u0142awomira, Lucyn\u0119 Franciszka Jab\u0142o\u0144skich, Leokadi\u0119, Mieczys\u0142awa Gaw\u0142owskich, Marka Gawina, Kazimier\u0119, W\u0142adys\u0142awa Dors\u0142awskich, dziadk\u00f3w Pabich\u00f3w, dziadk\u00f3w Doros\u0142awskich, Helen\u0119 Jarosi\u0144sk\u0105, Miros\u0142aw\u0119, Jacka, Mariana Krawczyk\u00f3w, Stanis\u0142aw\u0119, Janin\u0119, Bronis\u0142awa, Jerzego, Mieczys\u0142awa Misztel\u00f3w, J\u00f3zefa, Genowef\u0119 Pabich, dziadk\u00f3w Pabich\u00f3w i Bagnowskich, Tadeusza Dziewierskiego, zm. z rodziny Mami\u0144skich i J\u00f3\u017awiak, Stanis\u0142awa, Stanis\u0142aw\u0119 Aleksandra, Krystyn\u0119 Mielczarek,&nbsp;&nbsp;Stefana, J\u00f3zefa, Mariann\u0119 Wo\u017aniak, Stanis\u0142awa, Mariann\u0119 W\u0119dzonka, J\u00f3zefa, Kazimier\u0119 \u017bak, Mariann\u0119, Bronis\u0142awa Rybak, Izabel\u0119 Gaw\u0142owsk\u0105, W\u0142adys\u0142awa, Helen\u0119, Wies\u0142awa Grzywacz\u00f3w, J\u00f3zefa, Wies\u0142awa Banszczyk\u00f3w, zm. z rodziny Banaszczyk\u00f3w, Mariann\u0119, Jana, Piotra Nowakowskich, Jana Be\u0142dowskiego, Jana, Emili\u0119 Kraso\u0144, Jana, Stefani\u0119 Lec, W\u0142adys\u0142awa Sobi\u0144skiego, Stanis\u0142awa, Leokadi\u0119 Osuch, Mieczys\u0142awa, Janin\u0119, Tadeusza \u017bak, Mariann\u0119, J\u00f3zefa, Leona Osuch,&nbsp;&nbsp;Genowef\u0119, Stanis\u0142awa Krup\u00f3w, Teres\u0119, W\u0142adys\u0142awa W\u0119drowskich, Antoniego, Regin\u0119, Stanis\u0142aw\u0119, J\u00f3zefa Staniszewskich, Jana Dzitkowskiego, Stanis\u0142awa, Sabin\u0119 Gronowskich, Stefani\u0119 Nowak, Ma\u0142gorzat\u0119 Sala, Zofi\u0119, Mieczys\u0142awa Jarosz, Aniel\u0119, Stanis\u0142awa Rozp\u0119dkowskich, Stefani\u0119, Stanis\u0142awa Cejnuk, J\u00f3zef\u0119, Andrzeja Wac\u0142awa Kolasi\u0144skich, Aleksandr\u0119 Nowicz, Jana, Zofi\u0119, Jerzego \u0141osiewicz, Monik\u0119 Budzisz Henryk\u0119 Konick\u0105, Zuzann\u0119, Stefana, W\u0142odzimierza St\u0119pie\u0144, Gajd\u0119&nbsp;&nbsp;&nbsp;Ann\u0119, J\u00f3zefa, Jana, Ryszarda Borys, J\u00f3zefa, J\u00f3zef\u0119, Wincentego Matyjaszewskich, Henryka, Stanis\u0142awa, Stefani\u0119 Cejnuk, zm. z rodziny, Ann\u0119, Jerzego Micha\u0142a, Ryszarda Wojtasik, Stanis\u0142awa Grzybowskiego, Jolant\u0119, Andrzeja Zakrzewskich, zm. z rodzin Cecotka, Osuch, Kraso\u0144, Borowieckich, Mendera, G\u00f3ra, Kolasi\u0144skich, zm. kap\u0142an\u00f3w, kt\u00f3rzy pracowali w naszej parafii, Stanis\u0142awa, Stanis\u0142aw\u0119 Krzy\u017canowskich, Janusza Zieli\u0144skiego, J\u00f3zefa Kraso\u0144, Mariann\u0119, Boles\u0142awa Dawidowicz, Lucj\u0119, Stefana Staszewskich, Walentyn\u0119, Bronis\u0142awa Kucharskich, Zbigniewa Pabich, Teres\u0119, Leona Zaw\u0142ockich z rodzicami, Franciszka Pabich, Wiktori\u0119, Kazimierza Grzankowskich, J\u00f3zef\u0119, Wac\u0142awa Gandziarowskich, Bo\u017cen\u0119, Iren\u0119, Jana Kumidaj\u00f3w, Kazimier\u0119, Henryka Zdulskich, ks. Jana Zdulskiego, zm. z rodziny Aniel\u0119, Stanis\u0142awa, Gra\u017cyn\u0119, Zbigniewa, Jerzego, Krzysztofa, Ann\u0119 Pabich, zm. z rodziny Gronowskich, Matyjaszewskich, Oleksiewicz\u00f3w,&nbsp;&nbsp;Zenona, Romana, Weronik\u0119 Pilichowskich, Rozali\u0119, Stanis\u0142awa Zi\u0119b\u00f3w,&nbsp;<\/p>\n\n\n\n<p>P\u00f3\u0142roczne godz. 8.00<\/p>\n\n\n\n<p>Krystyn\u0119 Gronowsk\u0105, Ann\u0119 Pabich, J\u00f3zef\u0119, W\u0142adys\u0142awa Mas\u0142owskich, Ignacego Soba\u0144skiego, Micha\u0142a, Stanis\u0142aw\u0119 Kozub, Krystyn\u0119, Eugeniusza Gliszczy\u0144skich, Mieczys\u0142awa, Zofi\u0119, Henryka Pomyka\u0142\u00f3w, zm. z rodziny Kr\u00f3likowskich, Staszewskich, Les\u0142awa Kucharskiego,&nbsp;<\/p>\n\n\n\n<p>Roczne Godz. 9.45<\/p>\n\n\n\n<p>Mariann\u0119 Piaseck\u0105, Wiktori\u0119, W\u0142adys\u0142awa Kielanowskich, Bronis\u0142awa, Helen\u0119 Zdziarskich, Stanis\u0142awa, sabin\u0119 Gronowskich, Stefani\u0119 Nowak, J\u00f3zefa, Jadwig\u0119 Filocha, Zofi\u0119, Henryka Kraso\u0144, Ann\u0119, Zygmunta Kielanowskich, Aniel\u0119, W\u0142adys\u0142awa Dziembor,&nbsp;&nbsp;Henryka Pabicha, zm. z rodziny Pabich\u00f3w, Tadeusza Michalczyka, zm. z rodziny Michalczyk\u00f3w, Apoloni\u0119, Franciszka Czerkawskich, Janusza Broszkowskiego, Katarzyn\u0119, Ignacego, Edwarda Purga\u0142, Alojzego, Anastazj\u0119, Krzysztofa, Macieja Lesiak\u00f3w, Stanis\u0142awa Chamerskiego, Zygmunta, Kazimier\u0119, J\u00f3zefa Rozp\u0119dkowskich, Mariann\u0119, Wac\u0142awa Mas\u0142owskich, zm. z rodziny Ba\u0142usk\u00f3w, Mas\u0142owskich, Jana, Adama Skrobek, Zygmunta Jakubczyk, Edmunda, Janin\u0119 Sokalskich, Jana, Franciszk\u0119 Purga\u0142, , Tadeusza, Stefana Karwczyk\u00f3w, J\u00f3zefa, Michalin\u0119 Gronowskich Mari\u0119, Regin\u0119, Wac\u0142awa Rusin, Janin\u0119 Majewsk\u0105, Len\u0119 Staszewsk\u0105, Henryka, Wies\u0142aw\u0119, Janusza Weso\u0142owskich, Zbigniewa, Jakuba Gronowskich, Marka Pabicha, Kazimier\u0119, J\u00f3zefa Jakubczyk\u00f3w, Wand\u0119, Zdzis\u0142awa, Jaros\u0142awa Pytlach\u00f3w, Szczepana Galusia,&nbsp;Henryka Je\u017c, Lucyn\u0119, Jana Gos\u0142awskich, Janin\u0119, Leona Misztela Rafa\u0142a Herman, zmar\u0142ych z rodziny Je\u017c\u00f3w, Gos\u0142awskich, Misztel\u00f3w, J\u00f3zefa Lenarczyka, Leokadi\u0119, Stefana Le\u015bniewskich, Genowef\u0119 Le\u015bniewsk\u0105, Danut\u0119, Franciszka, Mariann\u0119 Chmielewskich, Bogdana \u015anieg, zm. z rodziny Chmielewskich,Janin\u0119, J\u00f3zefa, Waldemara Brylskich, Jadwig\u0119 Lenarczyk, W\u0142adys\u0142awa, Jana, Franciszk\u0119 Lenarczyk, Antoniego, J\u00f3zefa, Stefani\u0119 Jakubik, Mariann\u0119 Wawrzy\u0144ca Pabich, J\u00f3zefa, J\u00f3zef\u0119 Krawczyk, Janin\u0119, Boles\u0142awa Janik, Mariann\u0119, Kazimierza Stolarek , Helena Sadzi\u0144sk\u0105, Ann\u0119, Stanis\u0142awa, Janin\u0119, Jana Rabi\u00f3w,&nbsp;&nbsp;Teres\u0119, J\u00f3zefa Jasi\u0144skich, zm. z rodziny Cichosz\u00f3w, Jasi\u0144skich, Kardel\u00f3w, Henryki, J\u00f3zefa Kielanowskich, Krzysztof, Janin\u0119 i Zdzis\u0142awa Balcerzyk, Barbar\u0119, Mieczys\u0142awa \u0141osiewicz, Teres\u0119, J\u00f3zefa Krokwi\u0144skich, Stanis\u0142awa Karbowiak zm. z rodziny Karbowiak\u00f3w, Mariann\u0119, Wawrzy\u0144ca Chmielewskich, W\u0142adys\u0142awa, Stanis\u0142awa, Leokadi\u0119 Wiatrowskich, Ann\u0119 Jasi\u0144skich, Marka Krawczyka, Stanis\u0142awa, J\u00f3zefa Krawczyka, Jana Krawczyka, Henryka, Stanis\u0142aw\u0119 Zawada, Helen\u0119 Pilichowsk\u0105, Bogdana Baniaka, Bogdana, Jana, Antonin\u0119 St\u0119pie\u0144, Janin\u0119, Edmunda Sokalskich, Zygmunta Kielanowskiego,&nbsp;&nbsp;Lucyn\u0119, Stefana R\u0119beli\u0144skich z rodzicami, Zofi\u0119, Jana, Karola Soba\u0144skich, zm. z rodziny Soba\u0144skich i Pabich\u00f3w, zm. ksi\u0119\u017cy, kt\u00f3rzy pracowali w naszej parafii, dusze w czy\u015b\u0107cu cierpi\u0105ce, Leokadi\u0119, Franciszka Pabich, Mariann\u0119, Antoniego J\u0119drzejewskich, Wac\u0142awa, Lucyn\u0119 Wawrowskich, J\u00f3zefa, Mariann\u0119, Mariana, Marty Wawrowskich, Romana, Pelagi\u0119 Witolda Lizakowskich, W\u0142adys\u0142awa, Paw\u0142a Grzywacz\u00f3w, J\u00f3zefa, Zofi\u0119, Piotra, Stanis\u0142aw\u0119 Kozub, Jana, Michalin\u0119 Gronowskich, Romana, Czes\u0142aw\u0119, Cezarego Sta\u0144czak, Mariana, W\u0142adys\u0142awa Kulawiak, Leokadi\u0119, Edwarda Lenarcik, Mariana Bieleckiego, Karolin\u0119 Nowak, Stanis\u0142awa, Helen\u0119, Wies\u0142awa, Stanis\u0142awa Szymczyk\u00f3w, Zbigniewa Remisz, Bronis\u0142aw\u0119, Stanis\u0142awa Wiernickich, Anett\u0119, Rafa\u0142a, Stanis\u0142awa Kiszteli\u0144skich, Helen\u0119, W\u0142adys\u0142awa Wiernickich, Kazimier\u0119, Czes\u0142awa Kozub, Barbar\u0119, Ireneusza, Antonin\u0119, Stanis\u0142awa Kozub\u00f3w, Apoloni\u0119 Pielu\u017cek, Jana Dawidowicza, J\u00f3zefa Wron\u0119,&nbsp;&nbsp;Felicj\u0119, Boles\u0142awa Sosnowskich, Rafa\u0142a Kielanowskiego, Iren\u0119 Weso\u0142owska, Tomasza Borciuch, Ann\u0119, Jerzego Zdziarskich, Stanis\u0142aw\u0119, J\u00f3zefa Krawczyk, zm. z rodziny Krawczyk\u00f3w, Bronis\u0142aw\u0119, Mieczys\u0142awa Ciapa\u0142\u00f3w, W\u0142adys\u0142aw\u0119, Stanis\u0142awa Pabich\u00f3w, Alin\u0119, Krzysztofa, W\u0142adys\u0142awa Purga\u0142\u00f3w, \u0141ucj\u0119, Stanis\u0142awa, Danut\u0119, Jana Kowalskich, Izydora Filipek, Krystyn\u0119, Ann\u0119, Henryka, Krzysztofa, Bogdana Filoch\u00f3w, Bronis\u0142aw\u0119 Je\u017c, Mariusza Zdziarskiego, Genowef\u0119, J\u00f3zefa Liso\u0144, Zenobi\u0119, Stanis\u0142awa, Krzysztofa Gandziarowskich, Edwarda Krasonia, W\u0142adys\u0142aw\u0119, Szczepana Stachowicz, Mariana lato, Bronis\u0142aw\u0119, Boles\u0142awa, Celin\u0119 Malecha, Wojciecha Go\u017adzika, Krystyn\u0119, Stanis\u0142awa Milczark\u00f3w, Leokadi\u0119, Leona Chmielewskich, Kazimier\u0119, Cypriana Pabich\u00f3w, Leontyn\u0119, Barbar\u0119, Tadeusza, Stanis\u0142awa Pabich, J\u00f3zef\u0119, Lucjana Krawczyk, Mariann\u0119, Kazimierza, Janusza st\u0119pie\u0144, Lucyn\u0119 G\u00f3rn\u0105, Mariann\u0119, Konstantego, Tadeusza Koszlaga, za dziecko wcze\u015bnie urodzone,&nbsp;&nbsp;<\/p>\n\n\n\n<p>P\u00f3\u0142roczne godz. 9.45<\/p>\n\n\n\n<p>Miros\u0142aw Misztela, Marka Szymanek, J\u00f3zefa Be\u0142dowskiego, Stefana Stanis\u0142aw\u0119 Misztel\u00f3w,&nbsp;&nbsp;Florentyn\u0119, Stefana Kozub, J\u00f3zef\u0119, Jana Purga\u0142\u00f3w, Antonin\u0119, J\u00f3zefa Chmielewskich,&nbsp;<\/p>\n\n\n\n<p>Roczne godz. 11.00&nbsp;<\/p>\n\n\n\n<p>Stefana, Jana, Krzysztofa Paszk\u00f3w, Kazimierza, Ma\u0142gorzat\u0119, Mateusza P\u0119ciak\u00f3w, Weronik\u0119, Janin\u0119, J\u00f3zefa Pre\u015b, Mart\u0119 Neuman, Agnieszk\u0119 Paw\u0142owsk\u0105, zm. z rodziny Paszk\u00f3w, P\u0119ciak\u00f3w, Presi\u00f3w, Omieci\u0144skich, Feliksa, Wawrzy\u0144ca, Zenobi\u0119, Stefana, Ann\u0119 Kowalczyk, Danut\u0119, Krzysztofa Feleckich, Wojciecha, Salome\u0119 Wojskunowicz, J\u00f3zefa, Katarzyn\u0119 Gandziarowskich, Dariusza, Bronis\u0142awa, Mariann\u0119, J\u00f3zefa Wiewi\u00f3r\u0119, Feliksa, Jadwig\u0119, Jerzego, Mariusza Zdziarskich, Mateusza Rostkowskiego, Genowef\u0119, Franciszka Gandziarowskich, J\u00f3zef\u0119 Mariana St\u0119pie\u0144, Andrzeja Bary\u0142\u0119, Aureliusza I\u017cykowskiego, \u0141ucj\u0119, Bronis\u0142awa, Henryka Je\u017cykowskich, Jana, W\u0142adys\u0142aw\u0119, Andrzeja, Stanis\u0142aw\u0119, Franciszk\u0119 Kumanowicz\u00f3w, Wand\u0119 Szarlej, Waleri\u0119, Stanis\u0142awa Kraso\u0144, Jana, Leokadi\u0119 Nowak, Tadeusza Bzdzikota, Mieczys\u0142awa Skoczylas, Genowef\u0119, W\u0142adys\u0142awa Je\u017c\u00f3w, Mariann\u0119, Janin\u0119, Tadeusza, Konstantego Koszlag\u00f3w, Wies\u0142awa gronowskiego,&nbsp;&nbsp;Mariana Ko\u0142tonik, Paw\u0142a Kaczmarek, Cecyli\u0119, Jana, Leona&nbsp;&nbsp;Gliszczy\u0144skich, Ann\u0119, Jana, J\u00f3zefa Stefa\u0144skich, Janin\u0119, Bronis\u0142awa Pieczynskich, zm. z rodziny Pieczy\u0144skich, Zofi\u0119, Stanis\u0142awa Sokalskich, Cecyli\u0119, Edwarda Br\u0119d\u00f3w, Stanis\u0142aw\u0119, Stanis\u0142awa Ko\u0142k\u00f3w, Mariana Ko\u0142ek, Monik\u0119 I\u017cykowsk\u0105, Jana, Helen\u0119, Stefana Sokalskich, Halin\u0119, Wiolet\u0119 B\u0142aszczyk, Janusza, Krystyn\u0119, Adama Misztela, Ignacego, Mariann\u0119 Purga\u0142, Zbigniewa Kraso\u0144, Jana, Stanis\u0142awa Kumidaj, Mariana Ba\u0142azi\u0144skiego, Janin\u0119, Jana \u017bak\u00f3w, Krystyn\u0119 Koszlaga, Krystyn\u0119, S\u0142awomira Pabich, Krzysztofa Pabich, Arkadiusza Wozign\u00f3j J\u00f3zef\u0119, Waleriana Matuszczyk, Stanis\u0142aw\u0119, Boles\u0142awa Pabich, Izabel\u0119, Jerzego Matuszczyk, Zdzis\u0142awa Pabich, zm. z rodziny Wiernickich, Strzeleckich, Kaczorowskich, ks. Stanis\u0142awa Przebied\u0119, Jerzego Nowakowskiego, \u017co\u0142nierzy spoczywaj\u0105cych na tym cmentarzu, Zdzis\u0142awa, Lucj\u0119, Edwarda Rusin, Micha\u0142a, Mirka, Jerzego, Tadeusza Kieszkowskich, J\u00f3zefa, Juliann\u0119, Krzysztofa, Stanis\u0142awa Pomyka\u0142\u00f3w, Wincentego, Franciszk\u0119, Aleksandr\u0119 Kraso\u0144, , Aleksandra, Jerzego Misztela, Grzegorz Cierlik, Joann\u0119, Czes\u0142awa, Jacka, Darka Danielik, Damiana Zyberta, Jana Staszewskiego, Aleksandr\u0119 Kraso\u0144, Mariann\u0119, Stanis\u0142awa Zybert, Jana Paj\u0105czkowskiego, Janin\u0119, Bronis\u0142aw\u0119, Ignacego Pabich\u00f3w, Jana, janin\u0119, Andrzeja, Mariann\u0119, J\u00f3zefa Wac\u0142awa G\u0119barowskich, Czes\u0142awa Zdziarskiego, W\u0142adys\u0142aw\u0119, J\u00f3zefa, Ann\u0119 Zygier\u00f3w, zm. z rodziny Pi\u0105tk\u00f3w, Tadeusza Liziakowskiego, Czes\u0142awa, Janusza Sokalskich, Henryk\u0119, Stanis\u0142awa Krawczyk, Zdzis\u0142awa, Paw\u0142a Szyma\u0144skich, Jana, Lucyn\u0119 Rozpi\u0105tkowskich, Zofi\u0119 Majchrzak, Stanis\u0142awa, Jerzego Chmielewskich, Micha\u0142a, Ryszarda Brylskich, Mariusza Dulas, Monik\u0119 Kraska, Kazimier\u0119, Boles\u0142awa Nowakowskich, Kazimierza, Ryszarda, Wies\u0142awa Purga\u0142, Helen\u0119 Kacprzyk, Pelagi\u0119, Leona Lenarczyk, Zofi\u0119, Antoniego Szczypinskich, Paw\u0142a Salamon, Zdzis\u0142awa Je\u017ca, zm. z rodziny Je\u017c\u00f3w, Gra\u017cyn\u0119, Henryka \u015alusarczyk, Helen\u0119, J\u00f3zefa, Witolda Purga\u0142, Wand\u0119 Szarlej, Jana, Felicj\u0119, Wac\u0142aw\u0119, Remisz\u00f3w, zm. z rodziny Remisz\u00f3w, Edwarda Mas\u0142owskiego, Teres\u0119 Kacprzyk, Marka, Wac\u0142awa, Janin\u0119 Krasoni\u00f3w, Wies\u0142awa Cejn\u00f3g, Miros\u0142awa, J\u00f3zef\u0119 Wijaci\u0144skich, W\u0142adys\u0142aw\u0119, Adama Gandziarowskich, Edwarda Zdziarskiego, Rozali\u0119, Bogus\u0142awa, Kazimierza Ko\u0142tonik, Jerzego Kulawiak, Mariana, Lucj\u0119 Purga\u0142, Franciszk\u0119, Wincentego Kraso\u0144,&nbsp;&nbsp;Lucyn\u0119 G\u00f3rn\u0105, Mariann\u0119, Tadeusza, Konstantego Koszlag\u00f3w, Stefana Wi\u0119c\u0142awskiego, Mariann\u0119, Jana Kowalskich, Antoniego, Mariann\u0119 Chmielewskich i ich syn\u00f3w,&nbsp;<\/p>\n\n\n\n<p>P\u00f3\u0142roczne godz. 11.00<\/p>\n\n\n\n<p>Aniel\u0119, Antoniego, Ryszarda Skoczylas\u00f3w, W\u0142adys\u0142aw\u0119, Jana Kielanowskich, Janin\u0119 Kielanowsk\u0105, J\u00f3zef\u0119, W\u0142adys\u0142awa Mas\u0142owskich, Mariann\u0119, Jana Kieszkowskich, Stanis\u0142awa Purga\u0142, Czes\u0142awa O\u015bmia\u0142owskiego, Helen\u0119 Kr\u00f3likowsk\u0105,&nbsp;&nbsp;Jacka, Mariann\u0119, J\u00f3zefa Frydrych, Monik\u0119, Kazimierza Antczak, Jadwig\u0119 Roboci\u0144sk\u0105, Dariusza Barszcz,&nbsp;<\/p>\n<p><\/p>","protected":false},"excerpt":{"rendered":"<p>Wypominki roczne 2025&nbsp; Godz. 8.00&nbsp; Mi\u0142osierdziu Bo\u017cemu polecajmy zmar\u0142ych papie\u017cy, biskup\u00f3w, ksi\u0119\u017cy proboszcz\u00f3w naszej parafii, dobroczy\u0144c\u00f3w, poleg\u0142ych w obronie naszej Ojczyzny ks. Jana Zdulskiego, ks. Kazimierza Troczy\u0144skiego, ks. Tadeusza Goner\u0119,&#8230;<\/p>\n","protected":false},"author":1,"featured_media":0,"parent":0,"menu_order":0,"comment_status":"closed","ping_status":"closed","template":"","meta":[],"_links":{"self":[{"href":"http:\/\/eparafia-lubien.pl\/index.php?rest_route=\/wp\/v2\/pages\/546"}],"collection":[{"href":"http:\/\/eparafia-lubien.pl\/index.php?rest_route=\/wp\/v2\/pages"}],"about":[{"href":"http:\/\/eparafia-lubien.pl\/index.php?rest_route=\/wp\/v2\/types\/page"}],"author":[{"embeddable":true,"href":"http:\/\/eparafia-lubien.pl\/index.php?rest_route=\/wp\/v2\/users\/1"}],"replies":[{"embeddable":true,"href":"http:\/\/eparafia-lubien.pl\/index.php?rest_route=%2Fwp%2Fv2%2Fcomments&post=546"}],"version-history":[{"count":9,"href":"http:\/\/eparafia-lubien.pl\/index.php?rest_route=\/wp\/v2\/pages\/546\/revisions"}],"predecessor-version":[{"id":1994,"href":"http:\/\/eparafia-lubien.pl\/index.php?rest_route=\/wp\/v2\/pages\/546\/revisions\/1994"}],"wp:attachment":[{"href":"http:\/\/eparafia-lubien.pl\/index.php?rest_route=%2Fwp%2Fv2%2Fmedia&parent=546"}],"curies":[{"name":"wp","href":"https:\/\/api.w.org\/{rel}","templated":true}]}}